{"id":3789,"date":"2025-01-27T18:23:03","date_gmt":"2025-01-27T18:23:03","guid":{"rendered":"https:\/\/schoenenberger.websirup.ch\/?page_id=3789"},"modified":"2025-02-05T17:04:24","modified_gmt":"2025-02-05T17:04:24","slug":"services","status":"publish","type":"page","link":"https:\/\/01.websirup.ch\/de\/services\/","title":{"rendered":"Services"},"content":{"rendered":"\t\t<div data-elementor-type=\"wp-page\" data-elementor-id=\"3789\" class=\"elementor elementor-3789\" data-elementor-post-type=\"page\">\n\t\t\t\t\t\t<section class=\"elementor-section elementor-top-section elementor-element elementor-element-1bc4f25 elementor-section-full_width elementor-section-stretched elementor-section-height-default elementor-section-height-default\" data-id=\"1bc4f25\" data-element_type=\"section\" data-e-type=\"section\" data-settings=\"{&quot;stretch_section&quot;:&quot;section-stretched&quot;}\">\n\t\t\t\t\t\t<div class=\"elementor-container elementor-column-gap-no\">\n\t\t\t\t\t<div class=\"elementor-column elementor-col-100 elementor-top-column elementor-element elementor-element-28a1f54\" data-id=\"28a1f54\" data-element_type=\"column\" data-e-type=\"column\">\n\t\t\t<div class=\"elementor-widget-wrap elementor-element-populated\">\n\t\t\t\t\t\t<div class=\"elementor-element elementor-element-0e9eab4 elementor-widget elementor-widget-ms-hero\" data-id=\"0e9eab4\" data-element_type=\"widget\" data-e-type=\"widget\" data-widget_type=\"ms-hero.default\">\n\t\t\t\t<div class=\"elementor-widget-container\">\n\t\t\t\t\t\n        <section class=\"ms-hero\" id=\"0e9eab4\">\n\n                            <div class=\"hero-overlay\"><\/div>\n            \n                            <div class=\"ms-parallax\" data-speed=\"0.7\" data-type=\"scroll\">\n                                            <img decoding=\"async\" class=\"jarallax-img\" src=\"https:\/\/01.websirup.ch\/wp-content\/uploads\/2025\/01\/laufband.jpg\" alt>\n                                                        <\/div>\n            \n            \n                    \n            \n            \n        <\/section>\n\n    \t\t\t\t<\/div>\n\t\t\t\t<\/div>\n\t\t\t\t\t<\/div>\n\t\t<\/div>\n\t\t\t\t\t<\/div>\n\t\t<\/section>\n\t\t\t\t<section class=\"elementor-section elementor-top-section elementor-element elementor-element-1ad24ac elementor-section-boxed elementor-section-height-default elementor-section-height-default\" data-id=\"1ad24ac\" data-element_type=\"section\" data-e-type=\"section\">\n\t\t\t\t\t\t<div class=\"elementor-container elementor-column-gap-extended\">\n\t\t\t\t\t<div class=\"elementor-column elementor-col-100 elementor-top-column elementor-element elementor-element-b75560f\" data-id=\"b75560f\" data-element_type=\"column\" data-e-type=\"column\">\n\t\t\t<div class=\"elementor-widget-wrap elementor-element-populated\">\n\t\t\t\t\t\t<div class=\"elementor-element elementor-element-c82785d elementor-widget elementor-widget-spacer\" data-id=\"c82785d\" data-element_type=\"widget\" data-e-type=\"widget\" data-widget_type=\"spacer.default\">\n\t\t\t\t<div class=\"elementor-widget-container\">\n\t\t\t\t\t\t\t<div class=\"elementor-spacer\">\n\t\t\t<div class=\"elementor-spacer-inner\"><\/div>\n\t\t<\/div>\n\t\t\t\t\t\t<\/div>\n\t\t\t\t<\/div>\n\t\t\t\t<section class=\"elementor-section elementor-inner-section elementor-element elementor-element-c2bd627 elementor-section-full_width elementor-section-height-default elementor-section-height-default\" data-id=\"c2bd627\" data-element_type=\"section\" data-e-type=\"section\">\n\t\t\t\t\t\t<div class=\"elementor-container elementor-column-gap-no\">\n\t\t\t\t\t<div class=\"elementor-column elementor-col-33 elementor-inner-column elementor-element elementor-element-ede9652\" data-id=\"ede9652\" data-element_type=\"column\" data-e-type=\"column\">\n\t\t\t<div class=\"elementor-widget-wrap elementor-element-populated\">\n\t\t\t\t\t\t<div class=\"elementor-element elementor-element-ce221f9 elementor-widget elementor-widget-heading\" data-id=\"ce221f9\" data-element_type=\"widget\" data-e-type=\"widget\" data-widget_type=\"heading.default\">\n\t\t\t\t<div class=\"elementor-widget-container\">\n\t\t\t\t\t<h4 class=\"elementor-heading-title elementor-size-default\">Schon immer<\/h4>\t\t\t\t<\/div>\n\t\t\t\t<\/div>\n\t\t\t\t\t<\/div>\n\t\t<\/div>\n\t\t\t\t<div class=\"elementor-column elementor-col-66 elementor-inner-column elementor-element elementor-element-de938f4\" data-id=\"de938f4\" data-element_type=\"column\" data-e-type=\"column\">\n\t\t\t<div class=\"elementor-widget-wrap elementor-element-populated\">\n\t\t\t\t\t\t<div class=\"elementor-element elementor-element-ab8e8ef elementor-widget elementor-widget-heading\" data-id=\"ab8e8ef\" data-element_type=\"widget\" data-e-type=\"widget\" data-widget_type=\"heading.default\">\n\t\t\t\t<div class=\"elementor-widget-container\">\n\t\t\t\t\t<h1 class=\"elementor-heading-title elementor-size-default\">Ihre Zufrie\u00adden\u00adheit, <br>ist unser Ansporn<\/h1>\t\t\t\t<\/div>\n\t\t\t\t<\/div>\n\t\t\t\t\t<\/div>\n\t\t<\/div>\n\t\t\t\t\t<\/div>\n\t\t<\/section>\n\t\t\t\t<div class=\"elementor-element elementor-element-073cd0c elementor-widget elementor-widget-spacer\" data-id=\"073cd0c\" data-element_type=\"widget\" data-e-type=\"widget\" data-widget_type=\"spacer.default\">\n\t\t\t\t<div class=\"elementor-widget-container\">\n\t\t\t\t\t\t\t<div class=\"elementor-spacer\">\n\t\t\t<div class=\"elementor-spacer-inner\"><\/div>\n\t\t<\/div>\n\t\t\t\t\t\t<\/div>\n\t\t\t\t<\/div>\n\t\t\t\t<div class=\"elementor-element elementor-element-9c516b9 elementor-widget elementor-widget-spacer\" data-id=\"9c516b9\" data-element_type=\"widget\" data-e-type=\"widget\" data-widget_type=\"spacer.default\">\n\t\t\t\t<div class=\"elementor-widget-container\">\n\t\t\t\t\t\t\t<div class=\"elementor-spacer\">\n\t\t\t<div class=\"elementor-spacer-inner\"><\/div>\n\t\t<\/div>\n\t\t\t\t\t\t<\/div>\n\t\t\t\t<\/div>\n\t\t\t\t<section class=\"elementor-section elementor-inner-section elementor-element elementor-element-c615cc9 elementor-section-full_width elementor-section-height-default elementor-section-height-default\" data-id=\"c615cc9\" data-element_type=\"section\" data-e-type=\"section\">\n\t\t\t\t\t\t<div class=\"elementor-container elementor-column-gap-no\">\n\t\t\t\t\t<div class=\"elementor-column elementor-col-100 elementor-inner-column elementor-element elementor-element-d9cb8b6\" data-id=\"d9cb8b6\" data-element_type=\"column\" data-e-type=\"column\">\n\t\t\t<div class=\"elementor-widget-wrap elementor-element-populated\">\n\t\t\t\t\t\t<div class=\"elementor-element elementor-element-38959fb elementor-widget elementor-widget-text-editor\" data-id=\"38959fb\" data-element_type=\"widget\" data-e-type=\"widget\" data-widget_type=\"text-editor.default\">\n\t\t\t\t<div class=\"elementor-widget-container\">\n\t\t\t\t\t\t\t\t\t<p>Dosier\u00adan\u00adlagen in Beton\u00adwerken werden j\u00e4hr\u00adlich gerei\u00adnigt, instand\u00adge\u00adstellt und alle Einzel\u00adkom\u00adpo\u00adnenten werden auf Funk\u00adtion gepr\u00fcft. Die Waage wird mit zerti\u00adfi\u00adzierten Gewichts\u00adsteinen gepr\u00fcft und abge\u00adgli\u00adchen. Es wird ein Kali\u00adbrier-Proto\u00adkoll erstellt. Baustellen-Anlagen werden auf Anfor\u00adde\u00adrung montiert und demon\u00adtiert. Service\u00adstellen in der deut\u00adschen und in der welschen Schweiz erm\u00f6g\u00adli\u00adchen einen raschen Einsatz in allen Landes\u00adteilen.<\/p>\t\t\t\t\t\t\t\t<\/div>\n\t\t\t\t<\/div>\n\t\t\t\t<div class=\"elementor-element elementor-element-9af9fee elementor-widget elementor-widget-heading\" data-id=\"9af9fee\" data-element_type=\"widget\" data-e-type=\"widget\" data-widget_type=\"heading.default\">\n\t\t\t\t<div class=\"elementor-widget-container\">\n\t\t\t\t\t<h2 class=\"elementor-heading-title elementor-size-default\">Durch Wartungs\u00adver\u00adtr\u00e4ge Schutz vor unan\u00adge\u00adnehmen \u00dcber\u00adra\u00adschungen<\/h2>\t\t\t\t<\/div>\n\t\t\t\t<\/div>\n\t\t\t\t<div class=\"elementor-element elementor-element-d46ff9e elementor-widget elementor-widget-text-editor\" data-id=\"d46ff9e\" data-element_type=\"widget\" data-e-type=\"widget\" data-widget_type=\"text-editor.default\">\n\t\t\t\t<div class=\"elementor-widget-container\">\n\t\t\t\t\t\t\t\t\t<p>Die peri\u00adodi\u00adsche \u00dcber\u00adpr\u00fc\u00adfung Ihrer Dosier\u00adan\u00adlage durch unsere Service\u00adtech\u00adniker stellt sicher, dass die Betriebs\u00adsi\u00adcher\u00adheit, sowie ein opti\u00admaler Wirkungs\u00adgrad lang\u00adfri\u00adstig gew\u00e4hr\u00adlei\u00adstet bleibt. Es hat sich in der Praxis gezeigt, dass die vorbeu\u00adgende Wartung von Maschinen erheb\u00adliche Kosten\u00adein\u00adspa\u00adrungen bewirkt:1970 Gr\u00fcn\u00addung des Unter\u00adneh\u00admens als Einzel\u00adfirma durch Peter Sch\u00f6\u00adnen\u00adberger, Pionier\u00adar\u00adbeit bei der Entwick\u00adlung und Markt\u00adein\u00adf\u00fch\u00adrung von volu\u00admetri\u00adschen und gravi\u00adme\u00adtri\u00adschen Dosier\u00adan\u00adlagen f\u00fcr fl\u00fcs\u00adsige Beton\u00adzu\u00adsatz\u00admittel.<br><br><\/p><ul><li>Verl\u00e4n\u00adge\u00adrung der Lebens\u00addauer<\/li><li>Sicher\u00adstel\u00adlung der Maschi\u00adnen\u00adfunk\u00adtion und der Einsatz\u00adbe\u00adreit\u00adschaft<\/li><li>Fr\u00fch\u00aderken\u00adnung verschleiss\u00adbe\u00addingter Ausf\u00e4lle<\/li><li>Auswech\u00adseln von Verschleiss\u00adteilen inner\u00adhalb der Wartung ohne zus\u00e4tz\u00adliche Reise\u00adko\u00adsten<\/li><li>Die Wartung ist zeit\u00adlich planbar und somit kosten\u00adsen\u00adkend<\/li><li>Zus\u00e4tz\u00adlich zu den gew\u00e4hrten Verg\u00fcn\u00adsti\u00adgungen profi\u00adtieren Sie von <strong>5% Rabatt<\/strong> auf den Verschleiss\u00adteilen<\/li><\/ul>\t\t\t\t\t\t\t\t<\/div>\n\t\t\t\t<\/div>\n\t\t\t\t<div class=\"elementor-element elementor-element-88051d7 elementor-widget elementor-widget-heading\" data-id=\"88051d7\" data-element_type=\"widget\" data-e-type=\"widget\" data-widget_type=\"heading.default\">\n\t\t\t\t<div class=\"elementor-widget-container\">\n\t\t\t\t\t<h2 class=\"elementor-heading-title elementor-size-default\">Kontak\u00adtieren Sie unsere Service\u00adtech\u00adniker 044 839 30 10<\/h2>\t\t\t\t<\/div>\n\t\t\t\t<\/div>\n\t\t\t\t\t<\/div>\n\t\t<\/div>\n\t\t\t\t\t<\/div>\n\t\t<\/section>\n\t\t\t\t<div class=\"elementor-element elementor-element-ed01a98 elementor-widget elementor-widget-spacer\" data-id=\"ed01a98\" data-element_type=\"widget\" data-e-type=\"widget\" data-widget_type=\"spacer.default\">\n\t\t\t\t<div class=\"elementor-widget-container\">\n\t\t\t\t\t\t\t<div class=\"elementor-spacer\">\n\t\t\t<div class=\"elementor-spacer-inner\"><\/div>\n\t\t<\/div>\n\t\t\t\t\t\t<\/div>\n\t\t\t\t<\/div>\n\t\t\t\t<div class=\"elementor-element elementor-element-09fb604 elementor-widget elementor-widget-spacer\" data-id=\"09fb604\" data-element_type=\"widget\" data-e-type=\"widget\" data-widget_type=\"spacer.default\">\n\t\t\t\t<div class=\"elementor-widget-container\">\n\t\t\t\t\t\t\t<div class=\"elementor-spacer\">\n\t\t\t<div class=\"elementor-spacer-inner\"><\/div>\n\t\t<\/div>\n\t\t\t\t\t\t<\/div>\n\t\t\t\t<\/div>\n\t\t\t\t<div class=\"elementor-element elementor-element-810a0cd elementor-widget elementor-widget-heading\" data-id=\"810a0cd\" data-element_type=\"widget\" data-e-type=\"widget\" data-widget_type=\"heading.default\">\n\t\t\t\t<div class=\"elementor-widget-container\">\n\t\t\t\t\t<h1 class=\"elementor-heading-title elementor-size-default\">Lang\u00adfri\u00adstig planen<\/h1>\t\t\t\t<\/div>\n\t\t\t\t<\/div>\n\t\t\t\t<div class=\"elementor-element elementor-element-1b0df4f elementor-widget elementor-widget-spacer\" data-id=\"1b0df4f\" data-element_type=\"widget\" data-e-type=\"widget\" data-widget_type=\"spacer.default\">\n\t\t\t\t<div class=\"elementor-widget-container\">\n\t\t\t\t\t\t\t<div class=\"elementor-spacer\">\n\t\t\t<div class=\"elementor-spacer-inner\"><\/div>\n\t\t<\/div>\n\t\t\t\t\t\t<\/div>\n\t\t\t\t<\/div>\n\t\t\t\t<div class=\"elementor-element elementor-element-e330c98 elementor-widget elementor-widget-spacer\" data-id=\"e330c98\" data-element_type=\"widget\" data-e-type=\"widget\" data-widget_type=\"spacer.default\">\n\t\t\t\t<div class=\"elementor-widget-container\">\n\t\t\t\t\t\t\t<div class=\"elementor-spacer\">\n\t\t\t<div class=\"elementor-spacer-inner\"><\/div>\n\t\t<\/div>\n\t\t\t\t\t\t<\/div>\n\t\t\t\t<\/div>\n\t\t\t\t<section class=\"elementor-section elementor-inner-section elementor-element elementor-element-d77563d elementor-section-full_width elementor-section-height-default elementor-section-height-default\" data-id=\"d77563d\" data-element_type=\"section\" data-e-type=\"section\">\n\t\t\t\t\t\t<div class=\"elementor-container elementor-column-gap-no\">\n\t\t\t\t\t<div class=\"elementor-column elementor-col-100 elementor-inner-column elementor-element elementor-element-f6cf0ea\" data-id=\"f6cf0ea\" data-element_type=\"column\" data-e-type=\"column\">\n\t\t\t<div class=\"elementor-widget-wrap elementor-element-populated\">\n\t\t\t\t\t\t<div class=\"elementor-element elementor-element-e7e10d6 elementor-widget elementor-widget-text-editor\" data-id=\"e7e10d6\" data-element_type=\"widget\" data-e-type=\"widget\" data-widget_type=\"text-editor.default\">\n\t\t\t\t<div class=\"elementor-widget-container\">\n\t\t\t\t\t\t\t\t\t<p>1 bis 4 Beton\u00adzu\u00adsatz\u00admittel werden heute bei den meisten Rezep\u00adturen verwendet. Auch Farben und Fasern kommen immer h\u00e4ufiger zum Einsatz. Dies stellt hohe Anfor\u00adde\u00adrungen an die Dosier\u00adge\u00adnau\u00adig\u00adkeit und an die Anla\u00adgen\u00adzu\u00adver\u00adl\u00e4s\u00adsig\u00adkeit.<br><br>Um dieses Ziel zu errei\u00adchen, wollen Sie Zusatz\u00admittel und Zusatz\u00adstoffe, in der rich\u00adtigen Menge <strong>[ Genau\u00adig\u00adkeit ]<\/strong>, zur rich\u00adtigen Zeit <strong>[ schnell ]<\/strong> und zuver\u00adl\u00e4ssig <strong>[ auch nach langen Still\u00adstand\u00adzeiten ]<\/strong> einbringen.<br><br>Quali\u00adt\u00e4ts\u00adkon\u00adtrolle <strong>[ Nach\u00advoll\u00adzieh\u00adbar\u00adkeit ]<\/strong> ist Ihnen wichtig, denn Sie wollen sich \u00fcber Jahre voll und ganz auf die Anlage verlassen k\u00f6nnen.<br><br><strong>Unsere Anlagen stehen daf\u00fcr seit mehr als 50 Jahren ein.<\/strong><\/p>\t\t\t\t\t\t\t\t<\/div>\n\t\t\t\t<\/div>\n\t\t\t\t<div class=\"elementor-element elementor-element-fa55108 elementor-widget elementor-widget-spacer\" data-id=\"fa55108\" data-element_type=\"widget\" data-e-type=\"widget\" data-widget_type=\"spacer.default\">\n\t\t\t\t<div class=\"elementor-widget-container\">\n\t\t\t\t\t\t\t<div class=\"elementor-spacer\">\n\t\t\t<div class=\"elementor-spacer-inner\"><\/div>\n\t\t<\/div>\n\t\t\t\t\t\t<\/div>\n\t\t\t\t<\/div>\n\t\t\t\t<div class=\"elementor-element elementor-element-6af6123 elementor-widget elementor-widget-spacer\" data-id=\"6af6123\" data-element_type=\"widget\" data-e-type=\"widget\" data-widget_type=\"spacer.default\">\n\t\t\t\t<div class=\"elementor-widget-container\">\n\t\t\t\t\t\t\t<div class=\"elementor-spacer\">\n\t\t\t<div class=\"elementor-spacer-inner\"><\/div>\n\t\t<\/div>\n\t\t\t\t\t\t<\/div>\n\t\t\t\t<\/div>\n\t\t\t\t<div class=\"elementor-element elementor-element-66ae429 elementor-widget elementor-widget-heading\" data-id=\"66ae429\" data-element_type=\"widget\" data-e-type=\"widget\" data-widget_type=\"heading.default\">\n\t\t\t\t<div class=\"elementor-widget-container\">\n\t\t\t\t\t<h1 class=\"elementor-heading-title elementor-size-default\">Refe\u00adrenzen<\/h1>\t\t\t\t<\/div>\n\t\t\t\t<\/div>\n\t\t\t\t<div class=\"elementor-element elementor-element-995ba8e elementor-widget elementor-widget-spacer\" data-id=\"995ba8e\" data-element_type=\"widget\" data-e-type=\"widget\" data-widget_type=\"spacer.default\">\n\t\t\t\t<div class=\"elementor-widget-container\">\n\t\t\t\t\t\t\t<div class=\"elementor-spacer\">\n\t\t\t<div class=\"elementor-spacer-inner\"><\/div>\n\t\t<\/div>\n\t\t\t\t\t\t<\/div>\n\t\t\t\t<\/div>\n\t\t\t\t<section class=\"elementor-section elementor-inner-section elementor-element elementor-element-3722732 elementor-section-full_width elementor-section-height-default elementor-section-height-default\" data-id=\"3722732\" data-element_type=\"section\" data-e-type=\"section\">\n\t\t\t\t\t\t<div class=\"elementor-container elementor-column-gap-no\">\n\t\t\t\t\t<div class=\"elementor-column elementor-col-100 elementor-inner-column elementor-element elementor-element-3f7f659\" data-id=\"3f7f659\" data-element_type=\"column\" data-e-type=\"column\">\n\t\t\t<div class=\"elementor-widget-wrap elementor-element-populated\">\n\t\t\t\t\t\t<div class=\"elementor-element elementor-element-eb76e40 elementor-widget elementor-widget-spacer\" data-id=\"eb76e40\" data-element_type=\"widget\" data-e-type=\"widget\" data-widget_type=\"spacer.default\">\n\t\t\t\t<div class=\"elementor-widget-container\">\n\t\t\t\t\t\t\t<div class=\"elementor-spacer\">\n\t\t\t<div class=\"elementor-spacer-inner\"><\/div>\n\t\t<\/div>\n\t\t\t\t\t\t<\/div>\n\t\t\t\t<\/div>\n\t\t\t\t<div class=\"elementor-element elementor-element-006d162 elementor-widget elementor-widget-text-editor\" data-id=\"006d162\" data-element_type=\"widget\" data-e-type=\"widget\" data-widget_type=\"text-editor.default\">\n\t\t\t\t<div class=\"elementor-widget-container\">\n\t\t\t\t\t\t\t\t\t<p>In der Schweiz sind wir Markt\u00adf\u00fchrer f\u00fcr Dosier\u00adan\u00adlagen in Trans\u00adport\u00adbe\u00adton\u00adwerken. \u00dcber 250 Anlagen und ihre Betreiber geh\u00f6ren zu unseren zufrie\u00addenen Kunden. Daneben werden unsere Produkte in vielen mobilen Baustel\u00adlen\u00adan\u00adlagen einge\u00adsetzt.<\/p><p>Einige Anlagen sind auch ausser\u00adhalb unserer Landes\u00adgrenzen in Betrieb, vorwie\u00adgend in Deutsch\u00adland, \u00d6ster\u00adreich, Frank\u00adreich, Belgien, Slove\u00adnien und Rum\u00e4\u00adnien.<\/p>\t\t\t\t\t\t\t\t<\/div>\n\t\t\t\t<\/div>\n\t\t\t\t<div class=\"elementor-element elementor-element-704846a elementor-widget elementor-widget-image\" data-id=\"704846a\" data-element_type=\"widget\" data-e-type=\"widget\" data-widget_type=\"image.default\">\n\t\t\t\t<div class=\"elementor-widget-container\">\n\t\t\t\t\t\t\t\t\t\t\t\t\t\t\t<img fetchpriority=\"high\" decoding=\"async\" width=\"677\" height=\"438\" src=\"https:\/\/01.websirup.ch\/wp-content\/uploads\/2025\/01\/karte-ch.svg\" class=\"attachment-full size-full wp-image-3853\" alt>\t\t\t\t\t\t\t\t\t\t\t\t\t\t\t<\/div>\n\t\t\t\t<\/div>\n\t\t\t\t<div class=\"elementor-element elementor-element-3066278 elementor-widget elementor-widget-heading\" data-id=\"3066278\" data-element_type=\"widget\" data-e-type=\"widget\" data-widget_type=\"heading.default\">\n\t\t\t\t<div class=\"elementor-widget-container\">\n\t\t\t\t\t<h2 class=\"elementor-heading-title elementor-size-default\">Ihr Spezia\u00adlist f\u00fcr Dosier\u00adtechnik \u2014 seit 1970<\/h2>\t\t\t\t<\/div>\n\t\t\t\t<\/div>\n\t\t\t\t<div class=\"elementor-element elementor-element-66a9901 elementor-widget elementor-widget-text-editor\" data-id=\"66a9901\" data-element_type=\"widget\" data-e-type=\"widget\" data-widget_type=\"text-editor.default\">\n\t\t\t\t<div class=\"elementor-widget-container\">\n\t\t\t\t\t\t\t\t\t<ul><li><strong>Anla\u00adge\u00adher\u00adsteller<\/strong><\/li><li><strong>Beton\u00adwerke<\/strong><\/li><li><strong>Zusatz\u00admittel-Liefe\u00adranten<\/strong><\/li><\/ul>\t\t\t\t\t\t\t\t<\/div>\n\t\t\t\t<\/div>\n\t\t\t\t<div class=\"elementor-element elementor-element-da4e33f elementor-widget elementor-widget-text-editor\" data-id=\"da4e33f\" data-element_type=\"widget\" data-e-type=\"widget\" data-widget_type=\"text-editor.default\">\n\t\t\t\t<div class=\"elementor-widget-container\">\n\t\t\t\t\t\t\t\t\t<p>Wir vom Inge\u00adnieur\u00adb\u00fcro Sch\u00f6\u00adnen\u00adberger AG bedanken uns bei all den treuen Kunden, welche uns seit Jahren ihr Vertrauen schenken und unsere Dienste auch in Zukunft in Anspruch nehmen.<\/p>\t\t\t\t\t\t\t\t<\/div>\n\t\t\t\t<\/div>\n\t\t\t\t<div class=\"elementor-element elementor-element-16a0bbe elementor-widget elementor-widget-spacer\" data-id=\"16a0bbe\" data-element_type=\"widget\" data-e-type=\"widget\" data-widget_type=\"spacer.default\">\n\t\t\t\t<div class=\"elementor-widget-container\">\n\t\t\t\t\t\t\t<div class=\"elementor-spacer\">\n\t\t\t<div class=\"elementor-spacer-inner\"><\/div>\n\t\t<\/div>\n\t\t\t\t\t\t<\/div>\n\t\t\t\t<\/div>\n\t\t\t\t\t<\/div>\n\t\t<\/div>\n\t\t\t\t\t<\/div>\n\t\t<\/section>\n\t\t\t\t\t<\/div>\n\t\t<\/div>\n\t\t\t\t\t<\/div>\n\t\t<\/section>\n\t\t\t\t\t<\/div>\n\t\t<\/div>\n\t\t\t\t\t<\/div>\n\t\t<\/section>\n\t\t\t\t<section class=\"elementor-section elementor-top-section elementor-element elementor-element-254d607 elementor-section-boxed elementor-section-height-default elementor-section-height-default\" data-id=\"254d607\" data-element_type=\"section\" data-e-type=\"section\">\n\t\t\t\t\t\t<div class=\"elementor-container elementor-column-gap-extended\">\n\t\t\t\t\t<div class=\"elementor-column elementor-col-100 elementor-top-column elementor-element elementor-element-652d22c\" data-id=\"652d22c\" data-element_type=\"column\" data-e-type=\"column\">\n\t\t\t<div class=\"elementor-widget-wrap elementor-element-populated\">\n\t\t\t\t\t\t<div class=\"elementor-element elementor-element-7222614 elementor-widget elementor-widget-spacer\" data-id=\"7222614\" data-element_type=\"widget\" data-e-type=\"widget\" data-widget_type=\"spacer.default\">\n\t\t\t\t<div class=\"elementor-widget-container\">\n\t\t\t\t\t\t\t<div class=\"elementor-spacer\">\n\t\t\t<div class=\"elementor-spacer-inner\"><\/div>\n\t\t<\/div>\n\t\t\t\t\t\t<\/div>\n\t\t\t\t<\/div>\n\t\t\t\t<div class=\"elementor-element elementor-element-ed46e3d elementor-widget elementor-widget-heading\" data-id=\"ed46e3d\" data-element_type=\"widget\" data-e-type=\"widget\" data-widget_type=\"heading.default\">\n\t\t\t\t<div class=\"elementor-widget-container\">\n\t\t\t\t\t<h4 class=\"elementor-heading-title elementor-size-default\">F\u00fcr Sie unter\u00adwegs<\/h4>\t\t\t\t<\/div>\n\t\t\t\t<\/div>\n\t\t\t\t<div class=\"elementor-element elementor-element-9c41470 elementor-widget elementor-widget-text-editor\" data-id=\"9c41470\" data-element_type=\"widget\" data-e-type=\"widget\" data-widget_type=\"text-editor.default\">\n\t\t\t\t<div class=\"elementor-widget-container\">\n\t\t\t\t\t\t\t\t\t<p><a class=\"a_team\" href=\"mailto:info@schoenenberger.swiss\">info@schoenenberger.swiss<\/a><br>T +41 44 839 30 10<\/p>\t\t\t\t\t\t\t\t<\/div>\n\t\t\t\t<\/div>\n\t\t\t\t<div class=\"elementor-element elementor-element-bb32580 elementor-widget elementor-widget-spacer\" data-id=\"bb32580\" data-element_type=\"widget\" data-e-type=\"widget\" data-widget_type=\"spacer.default\">\n\t\t\t\t<div class=\"elementor-widget-container\">\n\t\t\t\t\t\t\t<div class=\"elementor-spacer\">\n\t\t\t<div class=\"elementor-spacer-inner\"><\/div>\n\t\t<\/div>\n\t\t\t\t\t\t<\/div>\n\t\t\t\t<\/div>\n\t\t\t\t\t<\/div>\n\t\t<\/div>\n\t\t\t\t\t<\/div>\n\t\t<\/section>\n\t\t\t\t<\/div>\n\t\t","protected":false},"excerpt":{"rendered":"<p>Schon immer Ihre Zufrie\u00adden\u00adheit, ist unser Ansporn Dosier\u00adan\u00adlagen in Beton\u00adwerken werden j\u00e4hr\u00adlich gerei\u00adnigt, instand\u00adge\u00adstellt und alle Einzel\u00adkom\u00adpo\u00adnenten werden auf Funk\u00adtion gepr\u00fcft. Die Waage wird [\u2026]<\/p>\n","protected":false},"author":1,"featured_media":3779,"parent":0,"menu_order":4,"comment_status":"closed","ping_status":"closed","template":"page-custom.php","meta":{"_acf_changed":false,"inline_featured_image":false,"wp_typography_post_enhancements_disabled":false,"footnotes":""},"class_list":["post-3789","page","type-page","status-publish","has-post-thumbnail","hentry"],"acf":{"full_width":false,"header_transparent":false,"header_white":false},"_links":{"self":[{"href":"https:\/\/01.websirup.ch\/de\/wp-json\/wp\/v2\/pages\/3789","targetHints":{"allow":["GET"]}}],"collection":[{"href":"https:\/\/01.websirup.ch\/de\/wp-json\/wp\/v2\/pages"}],"about":[{"href":"https:\/\/01.websirup.ch\/de\/wp-json\/wp\/v2\/types\/page"}],"author":[{"embeddable":true,"href":"https:\/\/01.websirup.ch\/de\/wp-json\/wp\/v2\/users\/1"}],"replies":[{"embeddable":true,"href":"https:\/\/01.websirup.ch\/de\/wp-json\/wp\/v2\/comments?post=3789"}],"version-history":[{"count":55,"href":"https:\/\/01.websirup.ch\/de\/wp-json\/wp\/v2\/pages\/3789\/revisions"}],"predecessor-version":[{"id":4375,"href":"https:\/\/01.websirup.ch\/de\/wp-json\/wp\/v2\/pages\/3789\/revisions\/4375"}],"wp:featuredmedia":[{"embeddable":true,"href":"https:\/\/01.websirup.ch\/de\/wp-json\/wp\/v2\/media\/3779"}],"wp:attachment":[{"href":"https:\/\/01.websirup.ch\/de\/wp-json\/wp\/v2\/media?parent=3789"}],"curies":[{"name":"wp","href":"https:\/\/api.w.org\/{rel}","templated":true}]}}