{"id":3789,"date":"2025-01-27T18:23:03","date_gmt":"2025-01-27T18:23:03","guid":{"rendered":"https:\/\/schoenenberger.websirup.ch\/?page_id=3789"},"modified":"2025-02-05T17:04:24","modified_gmt":"2025-02-05T17:04:24","slug":"services","status":"publish","type":"page","link":"https:\/\/01.websirup.ch\/fr\/services\/","title":{"rendered":"Services"},"content":{"rendered":"\t\t<div data-elementor-type=\"wp-page\" data-elementor-id=\"3789\" class=\"elementor elementor-3789\" data-elementor-post-type=\"page\">\n\t\t\t\t\t\t<section class=\"elementor-section elementor-top-section elementor-element elementor-element-1bc4f25 elementor-section-full_width elementor-section-stretched elementor-section-height-default elementor-section-height-default\" data-id=\"1bc4f25\" data-element_type=\"section\" data-e-type=\"section\" data-settings=\"{&quot;stretch_section&quot;:&quot;section-stretched&quot;}\">\n\t\t\t\t\t\t<div class=\"elementor-container elementor-column-gap-no\">\n\t\t\t\t\t<div class=\"elementor-column elementor-col-100 elementor-top-column elementor-element elementor-element-28a1f54\" data-id=\"28a1f54\" data-element_type=\"column\" data-e-type=\"column\">\n\t\t\t<div class=\"elementor-widget-wrap elementor-element-populated\">\n\t\t\t\t\t\t<div class=\"elementor-element elementor-element-0e9eab4 elementor-widget elementor-widget-ms-hero\" data-id=\"0e9eab4\" data-element_type=\"widget\" data-e-type=\"widget\" data-widget_type=\"ms-hero.default\">\n\t\t\t\t<div class=\"elementor-widget-container\">\n\t\t\t\t\t\r\n        <section class=\"ms-hero\" id=\"0e9eab4\">\r\n\r\n                            <div class=\"hero-overlay\"><\/div>\r\n            \r\n                            <div class=\"ms-parallax\" data-speed=\"0.7\" data-type=\"scroll\">\r\n                                            <img decoding=\"async\" class=\"jarallax-img\" src=\"https:\/\/01.websirup.ch\/wp-content\/uploads\/2025\/01\/laufband.jpg\" alt=\"\">\r\n                                                        <\/div>\r\n            \r\n            \r\n                    \r\n            \r\n            \r\n        <\/section>\r\n\r\n    \t\t\t\t<\/div>\n\t\t\t\t<\/div>\n\t\t\t\t\t<\/div>\n\t\t<\/div>\n\t\t\t\t\t<\/div>\n\t\t<\/section>\n\t\t\t\t<section class=\"elementor-section elementor-top-section elementor-element elementor-element-1ad24ac elementor-section-boxed elementor-section-height-default elementor-section-height-default\" data-id=\"1ad24ac\" data-element_type=\"section\" data-e-type=\"section\">\n\t\t\t\t\t\t<div class=\"elementor-container elementor-column-gap-extended\">\n\t\t\t\t\t<div class=\"elementor-column elementor-col-100 elementor-top-column elementor-element elementor-element-b75560f\" data-id=\"b75560f\" data-element_type=\"column\" data-e-type=\"column\">\n\t\t\t<div class=\"elementor-widget-wrap elementor-element-populated\">\n\t\t\t\t\t\t<div class=\"elementor-element elementor-element-c82785d elementor-widget elementor-widget-spacer\" data-id=\"c82785d\" data-element_type=\"widget\" data-e-type=\"widget\" data-widget_type=\"spacer.default\">\n\t\t\t\t<div class=\"elementor-widget-container\">\n\t\t\t\t\t\t\t<div class=\"elementor-spacer\">\n\t\t\t<div class=\"elementor-spacer-inner\"><\/div>\n\t\t<\/div>\n\t\t\t\t\t\t<\/div>\n\t\t\t\t<\/div>\n\t\t\t\t<section class=\"elementor-section elementor-inner-section elementor-element elementor-element-c2bd627 elementor-section-full_width elementor-section-height-default elementor-section-height-default\" data-id=\"c2bd627\" data-element_type=\"section\" data-e-type=\"section\">\n\t\t\t\t\t\t<div class=\"elementor-container elementor-column-gap-no\">\n\t\t\t\t\t<div class=\"elementor-column elementor-col-33 elementor-inner-column elementor-element elementor-element-ede9652\" data-id=\"ede9652\" data-element_type=\"column\" data-e-type=\"column\">\n\t\t\t<div class=\"elementor-widget-wrap elementor-element-populated\">\n\t\t\t\t\t\t<div class=\"elementor-element elementor-element-ce221f9 elementor-widget elementor-widget-heading\" data-id=\"ce221f9\" data-element_type=\"widget\" data-e-type=\"widget\" data-widget_type=\"heading.default\">\n\t\t\t\t<div class=\"elementor-widget-container\">\n\t\t\t\t\t<h4 class=\"elementor-heading-title elementor-size-default\">Schon immer<\/h4>\t\t\t\t<\/div>\n\t\t\t\t<\/div>\n\t\t\t\t\t<\/div>\n\t\t<\/div>\n\t\t\t\t<div class=\"elementor-column elementor-col-66 elementor-inner-column elementor-element elementor-element-de938f4\" data-id=\"de938f4\" data-element_type=\"column\" data-e-type=\"column\">\n\t\t\t<div class=\"elementor-widget-wrap elementor-element-populated\">\n\t\t\t\t\t\t<div class=\"elementor-element elementor-element-ab8e8ef elementor-widget elementor-widget-heading\" data-id=\"ab8e8ef\" data-element_type=\"widget\" data-e-type=\"widget\" data-widget_type=\"heading.default\">\n\t\t\t\t<div class=\"elementor-widget-container\">\n\t\t\t\t\t<h1 class=\"elementor-heading-title elementor-size-default\">Ihre Zufriedenheit, <br>ist unser Ansporn<\/h1>\t\t\t\t<\/div>\n\t\t\t\t<\/div>\n\t\t\t\t\t<\/div>\n\t\t<\/div>\n\t\t\t\t\t<\/div>\n\t\t<\/section>\n\t\t\t\t<div class=\"elementor-element elementor-element-073cd0c elementor-widget elementor-widget-spacer\" data-id=\"073cd0c\" data-element_type=\"widget\" data-e-type=\"widget\" data-widget_type=\"spacer.default\">\n\t\t\t\t<div class=\"elementor-widget-container\">\n\t\t\t\t\t\t\t<div class=\"elementor-spacer\">\n\t\t\t<div class=\"elementor-spacer-inner\"><\/div>\n\t\t<\/div>\n\t\t\t\t\t\t<\/div>\n\t\t\t\t<\/div>\n\t\t\t\t<div class=\"elementor-element elementor-element-9c516b9 elementor-widget elementor-widget-spacer\" data-id=\"9c516b9\" data-element_type=\"widget\" data-e-type=\"widget\" data-widget_type=\"spacer.default\">\n\t\t\t\t<div class=\"elementor-widget-container\">\n\t\t\t\t\t\t\t<div class=\"elementor-spacer\">\n\t\t\t<div class=\"elementor-spacer-inner\"><\/div>\n\t\t<\/div>\n\t\t\t\t\t\t<\/div>\n\t\t\t\t<\/div>\n\t\t\t\t<section class=\"elementor-section elementor-inner-section elementor-element elementor-element-c615cc9 elementor-section-full_width elementor-section-height-default elementor-section-height-default\" data-id=\"c615cc9\" data-element_type=\"section\" data-e-type=\"section\">\n\t\t\t\t\t\t<div class=\"elementor-container elementor-column-gap-no\">\n\t\t\t\t\t<div class=\"elementor-column elementor-col-100 elementor-inner-column elementor-element elementor-element-d9cb8b6\" data-id=\"d9cb8b6\" data-element_type=\"column\" data-e-type=\"column\">\n\t\t\t<div class=\"elementor-widget-wrap elementor-element-populated\">\n\t\t\t\t\t\t<div class=\"elementor-element elementor-element-38959fb elementor-widget elementor-widget-text-editor\" data-id=\"38959fb\" data-element_type=\"widget\" data-e-type=\"widget\" data-widget_type=\"text-editor.default\">\n\t\t\t\t<div class=\"elementor-widget-container\">\n\t\t\t\t\t\t\t\t\t<p>Dosieranlagen in Betonwerken werden j\u00e4hrlich gereinigt, instandgestellt und alle Einzelkomponenten werden auf Funktion gepr\u00fcft. Die Waage wird mit zertifizierten Gewichtssteinen gepr\u00fcft und abgeglichen. Es wird ein Kalibrier-Protokoll erstellt. Baustellen-Anlagen werden auf Anforderung montiert und demontiert. Servicestellen in der deutschen und in der welschen Schweiz erm\u00f6glichen einen raschen Einsatz in allen Landesteilen.<\/p>\t\t\t\t\t\t\t\t<\/div>\n\t\t\t\t<\/div>\n\t\t\t\t<div class=\"elementor-element elementor-element-9af9fee elementor-widget elementor-widget-heading\" data-id=\"9af9fee\" data-element_type=\"widget\" data-e-type=\"widget\" data-widget_type=\"heading.default\">\n\t\t\t\t<div class=\"elementor-widget-container\">\n\t\t\t\t\t<h2 class=\"elementor-heading-title elementor-size-default\">Durch Wartungsvertr\u00e4ge Schutz vor unangenehmen \u00dcberraschungen<\/h2>\t\t\t\t<\/div>\n\t\t\t\t<\/div>\n\t\t\t\t<div class=\"elementor-element elementor-element-d46ff9e elementor-widget elementor-widget-text-editor\" data-id=\"d46ff9e\" data-element_type=\"widget\" data-e-type=\"widget\" data-widget_type=\"text-editor.default\">\n\t\t\t\t<div class=\"elementor-widget-container\">\n\t\t\t\t\t\t\t\t\t<p>Die periodische \u00dcberpr\u00fcfung Ihrer Dosieranlage durch unsere Servicetechniker stellt sicher, dass die Betriebssicherheit, sowie ein optimaler Wirkungsgrad langfristig gew\u00e4hrleistet bleibt. Es hat sich in der Praxis gezeigt, dass die vorbeugende Wartung von Maschinen erhebliche Kosteneinsparungen bewirkt:1970 Gr\u00fcndung des Unternehmens als Einzelfirma durch Peter Sch\u00f6nenberger, Pionierarbeit bei der Entwicklung und Markteinf\u00fchrung von volumetrischen und gravimetrischen Dosieranlagen f\u00fcr fl\u00fcssige Betonzusatzmittel.<br \/><br \/><\/p><ul><li>Verl\u00e4ngerung der Lebensdauer<\/li><li>Sicherstellung der Maschinenfunktion und der Einsatzbereitschaft<\/li><li>Fr\u00fcherkennung verschleissbedingter Ausf\u00e4lle<\/li><li>Auswechseln von Verschleissteilen innerhalb der Wartung ohne zus\u00e4tzliche Reisekosten<\/li><li>Die Wartung ist zeitlich planbar und somit kostensenkend<\/li><li>Zus\u00e4tzlich zu den gew\u00e4hrten Verg\u00fcnstigungen profitieren Sie von <strong>5% Rabatt<\/strong> auf den Verschleissteilen<\/li><\/ul>\t\t\t\t\t\t\t\t<\/div>\n\t\t\t\t<\/div>\n\t\t\t\t<div class=\"elementor-element elementor-element-88051d7 elementor-widget elementor-widget-heading\" data-id=\"88051d7\" data-element_type=\"widget\" data-e-type=\"widget\" data-widget_type=\"heading.default\">\n\t\t\t\t<div class=\"elementor-widget-container\">\n\t\t\t\t\t<h2 class=\"elementor-heading-title elementor-size-default\">Kontaktieren Sie unsere Servicetechniker 044 839 30 10<\/h2>\t\t\t\t<\/div>\n\t\t\t\t<\/div>\n\t\t\t\t\t<\/div>\n\t\t<\/div>\n\t\t\t\t\t<\/div>\n\t\t<\/section>\n\t\t\t\t<div class=\"elementor-element elementor-element-ed01a98 elementor-widget elementor-widget-spacer\" data-id=\"ed01a98\" data-element_type=\"widget\" data-e-type=\"widget\" data-widget_type=\"spacer.default\">\n\t\t\t\t<div class=\"elementor-widget-container\">\n\t\t\t\t\t\t\t<div class=\"elementor-spacer\">\n\t\t\t<div class=\"elementor-spacer-inner\"><\/div>\n\t\t<\/div>\n\t\t\t\t\t\t<\/div>\n\t\t\t\t<\/div>\n\t\t\t\t<div class=\"elementor-element elementor-element-09fb604 elementor-widget elementor-widget-spacer\" data-id=\"09fb604\" data-element_type=\"widget\" data-e-type=\"widget\" data-widget_type=\"spacer.default\">\n\t\t\t\t<div class=\"elementor-widget-container\">\n\t\t\t\t\t\t\t<div class=\"elementor-spacer\">\n\t\t\t<div class=\"elementor-spacer-inner\"><\/div>\n\t\t<\/div>\n\t\t\t\t\t\t<\/div>\n\t\t\t\t<\/div>\n\t\t\t\t<div class=\"elementor-element elementor-element-810a0cd elementor-widget elementor-widget-heading\" data-id=\"810a0cd\" data-element_type=\"widget\" data-e-type=\"widget\" data-widget_type=\"heading.default\">\n\t\t\t\t<div class=\"elementor-widget-container\">\n\t\t\t\t\t<h1 class=\"elementor-heading-title elementor-size-default\">Langfristig planen<\/h1>\t\t\t\t<\/div>\n\t\t\t\t<\/div>\n\t\t\t\t<div class=\"elementor-element elementor-element-1b0df4f elementor-widget elementor-widget-spacer\" data-id=\"1b0df4f\" data-element_type=\"widget\" data-e-type=\"widget\" data-widget_type=\"spacer.default\">\n\t\t\t\t<div class=\"elementor-widget-container\">\n\t\t\t\t\t\t\t<div class=\"elementor-spacer\">\n\t\t\t<div class=\"elementor-spacer-inner\"><\/div>\n\t\t<\/div>\n\t\t\t\t\t\t<\/div>\n\t\t\t\t<\/div>\n\t\t\t\t<div class=\"elementor-element elementor-element-e330c98 elementor-widget elementor-widget-spacer\" data-id=\"e330c98\" data-element_type=\"widget\" data-e-type=\"widget\" data-widget_type=\"spacer.default\">\n\t\t\t\t<div class=\"elementor-widget-container\">\n\t\t\t\t\t\t\t<div class=\"elementor-spacer\">\n\t\t\t<div class=\"elementor-spacer-inner\"><\/div>\n\t\t<\/div>\n\t\t\t\t\t\t<\/div>\n\t\t\t\t<\/div>\n\t\t\t\t<section class=\"elementor-section elementor-inner-section elementor-element elementor-element-d77563d elementor-section-full_width elementor-section-height-default elementor-section-height-default\" data-id=\"d77563d\" data-element_type=\"section\" data-e-type=\"section\">\n\t\t\t\t\t\t<div class=\"elementor-container elementor-column-gap-no\">\n\t\t\t\t\t<div class=\"elementor-column elementor-col-100 elementor-inner-column elementor-element elementor-element-f6cf0ea\" data-id=\"f6cf0ea\" data-element_type=\"column\" data-e-type=\"column\">\n\t\t\t<div class=\"elementor-widget-wrap elementor-element-populated\">\n\t\t\t\t\t\t<div class=\"elementor-element elementor-element-e7e10d6 elementor-widget elementor-widget-text-editor\" data-id=\"e7e10d6\" data-element_type=\"widget\" data-e-type=\"widget\" data-widget_type=\"text-editor.default\">\n\t\t\t\t<div class=\"elementor-widget-container\">\n\t\t\t\t\t\t\t\t\t<p>1 bis 4 Betonzusatzmittel werden heute bei den meisten Rezepturen verwendet. Auch Farben und Fasern kommen immer h\u00e4ufiger zum Einsatz. Dies stellt hohe Anforderungen an die Dosiergenauigkeit und an die Anlagenzuverl\u00e4ssigkeit.<br \/><br \/>Um dieses Ziel zu erreichen, wollen Sie Zusatzmittel und Zusatzstoffe, in der richtigen Menge <strong>[ Genauigkeit ]<\/strong>, zur richtigen Zeit <strong>[ schnell ]<\/strong> und zuverl\u00e4ssig <strong>[ auch nach langen Stillstandzeiten ]<\/strong> einbringen.<br \/><br \/>Qualit\u00e4tskontrolle <strong>[ Nachvollziehbarkeit ]<\/strong> ist Ihnen wichtig, denn Sie wollen sich \u00fcber Jahre voll und ganz auf die Anlage verlassen k\u00f6nnen.<br \/><br \/><strong>Unsere Anlagen stehen daf\u00fcr seit mehr als 50 Jahren ein.<\/strong><\/p>\t\t\t\t\t\t\t\t<\/div>\n\t\t\t\t<\/div>\n\t\t\t\t<div class=\"elementor-element elementor-element-fa55108 elementor-widget elementor-widget-spacer\" data-id=\"fa55108\" data-element_type=\"widget\" data-e-type=\"widget\" data-widget_type=\"spacer.default\">\n\t\t\t\t<div class=\"elementor-widget-container\">\n\t\t\t\t\t\t\t<div class=\"elementor-spacer\">\n\t\t\t<div class=\"elementor-spacer-inner\"><\/div>\n\t\t<\/div>\n\t\t\t\t\t\t<\/div>\n\t\t\t\t<\/div>\n\t\t\t\t<div class=\"elementor-element elementor-element-6af6123 elementor-widget elementor-widget-spacer\" data-id=\"6af6123\" data-element_type=\"widget\" data-e-type=\"widget\" data-widget_type=\"spacer.default\">\n\t\t\t\t<div class=\"elementor-widget-container\">\n\t\t\t\t\t\t\t<div class=\"elementor-spacer\">\n\t\t\t<div class=\"elementor-spacer-inner\"><\/div>\n\t\t<\/div>\n\t\t\t\t\t\t<\/div>\n\t\t\t\t<\/div>\n\t\t\t\t<div class=\"elementor-element elementor-element-66ae429 elementor-widget elementor-widget-heading\" data-id=\"66ae429\" data-element_type=\"widget\" data-e-type=\"widget\" data-widget_type=\"heading.default\">\n\t\t\t\t<div class=\"elementor-widget-container\">\n\t\t\t\t\t<h1 class=\"elementor-heading-title elementor-size-default\">Referenzen<\/h1>\t\t\t\t<\/div>\n\t\t\t\t<\/div>\n\t\t\t\t<div class=\"elementor-element elementor-element-995ba8e elementor-widget elementor-widget-spacer\" data-id=\"995ba8e\" data-element_type=\"widget\" data-e-type=\"widget\" data-widget_type=\"spacer.default\">\n\t\t\t\t<div class=\"elementor-widget-container\">\n\t\t\t\t\t\t\t<div class=\"elementor-spacer\">\n\t\t\t<div class=\"elementor-spacer-inner\"><\/div>\n\t\t<\/div>\n\t\t\t\t\t\t<\/div>\n\t\t\t\t<\/div>\n\t\t\t\t<section class=\"elementor-section elementor-inner-section elementor-element elementor-element-3722732 elementor-section-full_width elementor-section-height-default elementor-section-height-default\" data-id=\"3722732\" data-element_type=\"section\" data-e-type=\"section\">\n\t\t\t\t\t\t<div class=\"elementor-container elementor-column-gap-no\">\n\t\t\t\t\t<div class=\"elementor-column elementor-col-100 elementor-inner-column elementor-element elementor-element-3f7f659\" data-id=\"3f7f659\" data-element_type=\"column\" data-e-type=\"column\">\n\t\t\t<div class=\"elementor-widget-wrap elementor-element-populated\">\n\t\t\t\t\t\t<div class=\"elementor-element elementor-element-eb76e40 elementor-widget elementor-widget-spacer\" data-id=\"eb76e40\" data-element_type=\"widget\" data-e-type=\"widget\" data-widget_type=\"spacer.default\">\n\t\t\t\t<div class=\"elementor-widget-container\">\n\t\t\t\t\t\t\t<div class=\"elementor-spacer\">\n\t\t\t<div class=\"elementor-spacer-inner\"><\/div>\n\t\t<\/div>\n\t\t\t\t\t\t<\/div>\n\t\t\t\t<\/div>\n\t\t\t\t<div class=\"elementor-element elementor-element-006d162 elementor-widget elementor-widget-text-editor\" data-id=\"006d162\" data-element_type=\"widget\" data-e-type=\"widget\" data-widget_type=\"text-editor.default\">\n\t\t\t\t<div class=\"elementor-widget-container\">\n\t\t\t\t\t\t\t\t\t<p>In der Schweiz sind wir Marktf\u00fchrer f\u00fcr Dosieranlagen in Transportbetonwerken. \u00dcber 250 Anlagen und ihre Betreiber geh\u00f6ren zu unseren zufriedenen Kunden. Daneben werden unsere Produkte in vielen mobilen Baustellenanlagen eingesetzt.<\/p><p>Einige Anlagen sind auch ausserhalb unserer Landesgrenzen in Betrieb, vorwiegend in Deutschland, \u00d6sterreich, Frankreich, Belgien, Slovenien und Rum\u00e4nien.<\/p>\t\t\t\t\t\t\t\t<\/div>\n\t\t\t\t<\/div>\n\t\t\t\t<div class=\"elementor-element elementor-element-704846a elementor-widget elementor-widget-image\" data-id=\"704846a\" data-element_type=\"widget\" data-e-type=\"widget\" data-widget_type=\"image.default\">\n\t\t\t\t<div class=\"elementor-widget-container\">\n\t\t\t\t\t\t\t\t\t\t\t\t\t\t\t<img fetchpriority=\"high\" decoding=\"async\" width=\"677\" height=\"438\" src=\"https:\/\/01.websirup.ch\/wp-content\/uploads\/2025\/01\/karte-ch.svg\" class=\"attachment-full size-full wp-image-3853\" alt=\"\" \/>\t\t\t\t\t\t\t\t\t\t\t\t\t\t\t<\/div>\n\t\t\t\t<\/div>\n\t\t\t\t<div class=\"elementor-element elementor-element-3066278 elementor-widget elementor-widget-heading\" data-id=\"3066278\" data-element_type=\"widget\" data-e-type=\"widget\" data-widget_type=\"heading.default\">\n\t\t\t\t<div class=\"elementor-widget-container\">\n\t\t\t\t\t<h2 class=\"elementor-heading-title elementor-size-default\">Ihr Spezialist f\u00fcr Dosiertechnik - seit 1970<\/h2>\t\t\t\t<\/div>\n\t\t\t\t<\/div>\n\t\t\t\t<div class=\"elementor-element elementor-element-66a9901 elementor-widget elementor-widget-text-editor\" data-id=\"66a9901\" data-element_type=\"widget\" data-e-type=\"widget\" data-widget_type=\"text-editor.default\">\n\t\t\t\t<div class=\"elementor-widget-container\">\n\t\t\t\t\t\t\t\t\t<ul><li><strong>Anlagehersteller<\/strong><\/li><li><strong>Betonwerke<\/strong><\/li><li><strong>Zusatzmittel-Lieferanten<\/strong><\/li><\/ul>\t\t\t\t\t\t\t\t<\/div>\n\t\t\t\t<\/div>\n\t\t\t\t<div class=\"elementor-element elementor-element-da4e33f elementor-widget elementor-widget-text-editor\" data-id=\"da4e33f\" data-element_type=\"widget\" data-e-type=\"widget\" data-widget_type=\"text-editor.default\">\n\t\t\t\t<div class=\"elementor-widget-container\">\n\t\t\t\t\t\t\t\t\t<p>Wir vom Ingenieurb\u00fcro Sch\u00f6nenberger AG bedanken uns bei all den treuen Kunden, welche uns seit Jahren ihr Vertrauen schenken und unsere Dienste auch in Zukunft in Anspruch nehmen.<\/p>\t\t\t\t\t\t\t\t<\/div>\n\t\t\t\t<\/div>\n\t\t\t\t<div class=\"elementor-element elementor-element-16a0bbe elementor-widget elementor-widget-spacer\" data-id=\"16a0bbe\" data-element_type=\"widget\" data-e-type=\"widget\" data-widget_type=\"spacer.default\">\n\t\t\t\t<div class=\"elementor-widget-container\">\n\t\t\t\t\t\t\t<div class=\"elementor-spacer\">\n\t\t\t<div class=\"elementor-spacer-inner\"><\/div>\n\t\t<\/div>\n\t\t\t\t\t\t<\/div>\n\t\t\t\t<\/div>\n\t\t\t\t\t<\/div>\n\t\t<\/div>\n\t\t\t\t\t<\/div>\n\t\t<\/section>\n\t\t\t\t\t<\/div>\n\t\t<\/div>\n\t\t\t\t\t<\/div>\n\t\t<\/section>\n\t\t\t\t\t<\/div>\n\t\t<\/div>\n\t\t\t\t\t<\/div>\n\t\t<\/section>\n\t\t\t\t<section class=\"elementor-section elementor-top-section elementor-element elementor-element-254d607 elementor-section-boxed elementor-section-height-default elementor-section-height-default\" data-id=\"254d607\" data-element_type=\"section\" data-e-type=\"section\">\n\t\t\t\t\t\t<div class=\"elementor-container elementor-column-gap-extended\">\n\t\t\t\t\t<div class=\"elementor-column elementor-col-100 elementor-top-column elementor-element elementor-element-652d22c\" data-id=\"652d22c\" data-element_type=\"column\" data-e-type=\"column\">\n\t\t\t<div class=\"elementor-widget-wrap elementor-element-populated\">\n\t\t\t\t\t\t<div class=\"elementor-element elementor-element-7222614 elementor-widget elementor-widget-spacer\" data-id=\"7222614\" data-element_type=\"widget\" data-e-type=\"widget\" data-widget_type=\"spacer.default\">\n\t\t\t\t<div class=\"elementor-widget-container\">\n\t\t\t\t\t\t\t<div class=\"elementor-spacer\">\n\t\t\t<div class=\"elementor-spacer-inner\"><\/div>\n\t\t<\/div>\n\t\t\t\t\t\t<\/div>\n\t\t\t\t<\/div>\n\t\t\t\t<div class=\"elementor-element elementor-element-ed46e3d elementor-widget elementor-widget-heading\" data-id=\"ed46e3d\" data-element_type=\"widget\" data-e-type=\"widget\" data-widget_type=\"heading.default\">\n\t\t\t\t<div class=\"elementor-widget-container\">\n\t\t\t\t\t<h4 class=\"elementor-heading-title elementor-size-default\">F\u00fcr Sie unterwegs<\/h4>\t\t\t\t<\/div>\n\t\t\t\t<\/div>\n\t\t\t\t<div class=\"elementor-element elementor-element-9c41470 elementor-widget elementor-widget-text-editor\" data-id=\"9c41470\" data-element_type=\"widget\" data-e-type=\"widget\" data-widget_type=\"text-editor.default\">\n\t\t\t\t<div class=\"elementor-widget-container\">\n\t\t\t\t\t\t\t\t\t<p><a class=\"a_team\" href=\"mailto:info@schoenenberger.swiss\">info@schoenenberger.swiss<\/a><br \/>T +41 44 839 30 10<\/p>\t\t\t\t\t\t\t\t<\/div>\n\t\t\t\t<\/div>\n\t\t\t\t<div class=\"elementor-element elementor-element-bb32580 elementor-widget elementor-widget-spacer\" data-id=\"bb32580\" data-element_type=\"widget\" data-e-type=\"widget\" data-widget_type=\"spacer.default\">\n\t\t\t\t<div class=\"elementor-widget-container\">\n\t\t\t\t\t\t\t<div class=\"elementor-spacer\">\n\t\t\t<div class=\"elementor-spacer-inner\"><\/div>\n\t\t<\/div>\n\t\t\t\t\t\t<\/div>\n\t\t\t\t<\/div>\n\t\t\t\t\t<\/div>\n\t\t<\/div>\n\t\t\t\t\t<\/div>\n\t\t<\/section>\n\t\t\t\t<\/div>\n\t\t","protected":false},"excerpt":{"rendered":"<p>Schon immer Ihre Zufriedenheit, ist unser Ansporn Dosieranlagen in Betonwerken werden j\u00e4hrlich gereinigt, instandgestellt und alle Einzelkomponenten werden auf Funktion gepr\u00fcft. Die Waage wird [&hellip;]<\/p>\n","protected":false},"author":1,"featured_media":3779,"parent":0,"menu_order":4,"comment_status":"closed","ping_status":"closed","template":"page-custom.php","meta":{"_acf_changed":false,"inline_featured_image":false,"wp_typography_post_enhancements_disabled":false,"footnotes":""},"class_list":["post-3789","page","type-page","status-publish","has-post-thumbnail","hentry"],"acf":{"full_width":false,"header_transparent":false,"header_white":false},"_links":{"self":[{"href":"https:\/\/01.websirup.ch\/fr\/wp-json\/wp\/v2\/pages\/3789","targetHints":{"allow":["GET"]}}],"collection":[{"href":"https:\/\/01.websirup.ch\/fr\/wp-json\/wp\/v2\/pages"}],"about":[{"href":"https:\/\/01.websirup.ch\/fr\/wp-json\/wp\/v2\/types\/page"}],"author":[{"embeddable":true,"href":"https:\/\/01.websirup.ch\/fr\/wp-json\/wp\/v2\/users\/1"}],"replies":[{"embeddable":true,"href":"https:\/\/01.websirup.ch\/fr\/wp-json\/wp\/v2\/comments?post=3789"}],"version-history":[{"count":55,"href":"https:\/\/01.websirup.ch\/fr\/wp-json\/wp\/v2\/pages\/3789\/revisions"}],"predecessor-version":[{"id":4375,"href":"https:\/\/01.websirup.ch\/fr\/wp-json\/wp\/v2\/pages\/3789\/revisions\/4375"}],"wp:featuredmedia":[{"embeddable":true,"href":"https:\/\/01.websirup.ch\/fr\/wp-json\/wp\/v2\/media\/3779"}],"wp:attachment":[{"href":"https:\/\/01.websirup.ch\/fr\/wp-json\/wp\/v2\/media?parent=3789"}],"curies":[{"name":"wp","href":"https:\/\/api.w.org\/{rel}","templated":true}]}}